{"id":200,"date":"2025-01-15T15:14:29","date_gmt":"2025-01-15T15:14:29","guid":{"rendered":"https:\/\/amygdala-pictures.com\/?page_id=200"},"modified":"2025-02-04T16:28:32","modified_gmt":"2025-02-04T16:28:32","slug":"ueber","status":"publish","type":"page","link":"https:\/\/amygdala-pictures.com\/en\/ueber\/","title":{"rendered":"\u00dcber"},"content":{"rendered":"<div data-elementor-type=\"wp-page\" data-elementor-id=\"200\" class=\"elementor elementor-200\">\n\t\t\t\t<div class=\"elementor-element elementor-element-791c0c26 e-flex e-con-boxed e-con e-parent\" data-id=\"791c0c26\" data-element_type=\"container\" data-e-type=\"container\" data-settings=\"{&quot;background_background&quot;:&quot;classic&quot;}\">\n\t\t\t\t\t<div class=\"e-con-inner\">\n\t\t\t\t<div class=\"elementor-element elementor-element-7d320b77 elementor-widget__width-initial elementor-widget elementor-widget-heading\" data-id=\"7d320b77\" data-element_type=\"widget\" data-e-type=\"widget\" data-widget_type=\"heading.default\">\n\t\t\t\t<div class=\"elementor-widget-container\">\n\t\t\t\t\t<p class=\"elementor-heading-title elementor-size-default\">About us<\/p>\t\t\t\t<\/div>\n\t\t\t\t<\/div>\n\t\t\t\t<div class=\"elementor-element elementor-element-eb2f531 elementor-widget__width-initial elementor-widget elementor-widget-text-editor\" data-id=\"eb2f531\" data-element_type=\"widget\" data-e-type=\"widget\" data-widget_type=\"text-editor.default\">\n\t\t\t\t<div class=\"elementor-widget-container\">\n\t\t\t\t\t\t\t\t\t<p>Amygdala Pictures, based in Cologne, was founded in 2025 by Frank Jastfelder. The company focuses on the development of high-quality film and television material for the German-speaking world. The portfolio includes both sought-after IPs and original stories that not only entertain, but also have an emotional impact and last as long as possible. To achieve this, Amygdala Pictures works with exceptional talent and great passion.<\/p><p>In addition to its own content development, Amygdala Pictures also supports other companies in developing their projects.<\/p><p class=\"translation-block\">There is a partnership between Amygdala Pictures and  <a href=\"https:\/\/zeitsprung.de\/\" target=\"_blank\" rel=\"noopener\">Zeitsprung Pictures<\/a> for a professional production.<\/p><p>Frank Jastfelder looks back on over 20 years of experience in the film and television industry. He was instrumental in setting up the Sky Originals department for Sky Deutschland and was the editorial director for ten years. Under his leadership, successful and award-winning series such as \"Babylon Berlin\", \"Das Boot\", \"Der Pass\" and \"Die Wespe\" were produced.<\/p><p>Zuvor war er mehrere Jahre als freier Autor und Filmemacher f\u00fcr non-fiktionale Formate und Dokumentationen t\u00e4tig, darunter f\u00fcr die Grimme-Preis gekr\u00f6nte Dokumentations-Reihe \u201ePOP 2000\u201c<\/p>\t\t\t\t\t\t\t\t<\/div>\n\t\t\t\t<\/div>\n\t\t\t\t<div class=\"elementor-element elementor-element-84dbde7 elementor-widget__width-initial elementor-widget elementor-widget-image\" data-id=\"84dbde7\" data-element_type=\"widget\" data-e-type=\"widget\" data-widget_type=\"image.default\">\n\t\t\t\t<div class=\"elementor-widget-container\">\n\t\t\t\t\t\t\t\t\t\t\t\t\t\t\t\t<a href=\"https:\/\/www.imdb.com\/name\/nm0419353\/?ref_=nv_sr_srsg_0_tt_0_nm_1_in_0_q_frank%2520jastfelder\" target=\"_blank\">\n\t\t\t\t\t\t\t<img fetchpriority=\"high\" decoding=\"async\" width=\"800\" height=\"403\" src=\"https:\/\/amygdala-pictures.com\/wp-content\/uploads\/2025\/01\/IMDB_Logo_2016.svg-1024x516.png\" class=\"attachment-large size-large wp-image-292\" alt=\"IMDB_Logo_2016.svg\" srcset=\"https:\/\/amygdala-pictures.com\/wp-content\/uploads\/2025\/01\/IMDB_Logo_2016.svg-1024x516.png 1024w, https:\/\/amygdala-pictures.com\/wp-content\/uploads\/2025\/01\/IMDB_Logo_2016.svg-300x151.png 300w, https:\/\/amygdala-pictures.com\/wp-content\/uploads\/2025\/01\/IMDB_Logo_2016.svg-768x387.png 768w, https:\/\/amygdala-pictures.com\/wp-content\/uploads\/2025\/01\/IMDB_Logo_2016.svg-1536x775.png 1536w, https:\/\/amygdala-pictures.com\/wp-content\/uploads\/2025\/01\/IMDB_Logo_2016.svg-2048x1033.png 2048w\" sizes=\"(max-width: 800px) 100vw, 800px\" \/>\t\t\t\t\t\t\t\t<\/a>\n\t\t\t\t\t\t\t\t\t\t\t\t\t\t\t<\/div>\n\t\t\t\t<\/div>\n\t\t\t\t\t<\/div>\n\t\t\t\t<\/div>\n\t\t\t\t<\/div>","protected":false},"excerpt":{"rendered":"<p>\u00dcber uns Amygdala Pictures mit Sitz in K\u00f6ln wurde 2025 von Frank Jastfelder gegr\u00fcndet. Die Firma fokussiert sich auf die Entwicklung hochwertiger Film- und Fernsehstoffe f\u00fcr den deutschsprachigen Raum. Im Portfolio befinden sich sowohl gefragte IPs als auch origin\u00e4re Geschichten, die nicht nur unterhalten, sondern emotional ber\u00fchren und m\u00f6glichst lange nachwirken. Um das zu erreichen, [&hellip;]<\/p>\n","protected":false},"author":2,"featured_media":0,"parent":0,"menu_order":0,"comment_status":"closed","ping_status":"closed","template":"elementor_canvas","meta":{"footnotes":""},"class_list":["post-200","page","type-page","status-publish","hentry"],"_links":{"self":[{"href":"https:\/\/amygdala-pictures.com\/en\/wp-json\/wp\/v2\/pages\/200","targetHints":{"allow":["GET"]}}],"collection":[{"href":"https:\/\/amygdala-pictures.com\/en\/wp-json\/wp\/v2\/pages"}],"about":[{"href":"https:\/\/amygdala-pictures.com\/en\/wp-json\/wp\/v2\/types\/page"}],"author":[{"embeddable":true,"href":"https:\/\/amygdala-pictures.com\/en\/wp-json\/wp\/v2\/users\/2"}],"replies":[{"embeddable":true,"href":"https:\/\/amygdala-pictures.com\/en\/wp-json\/wp\/v2\/comments?post=200"}],"version-history":[{"count":141,"href":"https:\/\/amygdala-pictures.com\/en\/wp-json\/wp\/v2\/pages\/200\/revisions"}],"predecessor-version":[{"id":898,"href":"https:\/\/amygdala-pictures.com\/en\/wp-json\/wp\/v2\/pages\/200\/revisions\/898"}],"wp:attachment":[{"href":"https:\/\/amygdala-pictures.com\/en\/wp-json\/wp\/v2\/media?parent=200"}],"curies":[{"name":"wp","href":"https:\/\/api.w.org\/{rel}","templated":true}]}}