{"id":311,"date":"2025-01-15T16:48:08","date_gmt":"2025-01-15T16:48:08","guid":{"rendered":"https:\/\/amygdala-pictures.com\/?page_id=311"},"modified":"2025-01-20T15:01:58","modified_gmt":"2025-01-20T15:01:58","slug":"kontakt","status":"publish","type":"page","link":"https:\/\/amygdala-pictures.com\/en\/kontakt\/","title":{"rendered":"Contact"},"content":{"rendered":"<div data-elementor-type=\"wp-page\" data-elementor-id=\"311\" class=\"elementor elementor-311\">\n\t\t\t\t<div class=\"elementor-element elementor-element-7e73db0e e-flex e-con-boxed e-con e-parent\" data-id=\"7e73db0e\" data-element_type=\"container\" data-e-type=\"container\" data-settings=\"{&quot;background_background&quot;:&quot;classic&quot;}\">\n\t\t\t\t\t<div class=\"e-con-inner\">\n\t\t\t\t<div class=\"elementor-element elementor-element-360c3369 elementor-widget__width-initial elementor-widget elementor-widget-heading\" data-id=\"360c3369\" data-element_type=\"widget\" data-e-type=\"widget\" data-widget_type=\"heading.default\">\n\t\t\t\t<div class=\"elementor-widget-container\">\n\t\t\t\t\t<p class=\"elementor-heading-title elementor-size-default\">Contact<\/p>\t\t\t\t<\/div>\n\t\t\t\t<\/div>\n\t\t\t\t<div class=\"elementor-element elementor-element-ccf4c6d elementor-widget__width-initial elementor-widget elementor-widget-text-editor\" data-id=\"ccf4c6d\" data-element_type=\"widget\" data-e-type=\"widget\" data-widget_type=\"text-editor.default\">\n\t\t\t\t<div class=\"elementor-widget-container\">\n\t\t\t\t\t\t\t\t\t<p>Email: info@amygdala-pictures.com<\/p>\n<p>Telephone: +49 (0) 173 6101155<\/p>\n<p>Address: Aachener Stra\u00dfe 26, 50674 K\u00f6ln<\/p>\n<p><\/p>\t\t\t\t\t\t\t\t<\/div>\n\t\t\t\t<\/div>\n\t\t\t\t<div class=\"elementor-element elementor-element-4c015c4 elementor-widget__width-initial elementor-widget elementor-widget-text-editor\" data-id=\"4c015c4\" data-element_type=\"widget\" data-e-type=\"widget\" data-widget_type=\"text-editor.default\">\n\t\t\t\t<div class=\"elementor-widget-container\">\n\t\t\t\t\t\t\t\t\t<p><u>Submissions<\/u><\/p><p>Please understand that unsolicited material can neither be accepted nor checked. All unsolicited submissions will be destroyed or deleted unopened for legal reasons.<\/p>\t\t\t\t\t\t\t\t<\/div>\n\t\t\t\t<\/div>\n\t\t\t\t\t<\/div>\n\t\t\t\t<\/div>\n\t\t\t\t<\/div>","protected":false},"excerpt":{"rendered":"<p>Kontakt Email: info@amygdala-pictures.com Telefon: +49 (0) 173 6101155 Anschrift: Aachener Stra\u00dfe 26, 50674 K\u00f6ln Einreichungen Bitte haben Sie Verst\u00e4ndnis daf\u00fcr, dass unaufgefordert eingesandtes Material weder angenommen noch gepr\u00fcft werden kann. Alle unaufgefordert eingesandten Beitr\u00e4ge werden aus rechtlichen Gr\u00fcnden unge\u00f6ffnet vernichtet oder gel\u00f6scht.<\/p>","protected":false},"author":2,"featured_media":0,"parent":0,"menu_order":0,"comment_status":"closed","ping_status":"closed","template":"elementor_canvas","meta":{"footnotes":""},"class_list":["post-311","page","type-page","status-publish","hentry"],"_links":{"self":[{"href":"https:\/\/amygdala-pictures.com\/en\/wp-json\/wp\/v2\/pages\/311","targetHints":{"allow":["GET"]}}],"collection":[{"href":"https:\/\/amygdala-pictures.com\/en\/wp-json\/wp\/v2\/pages"}],"about":[{"href":"https:\/\/amygdala-pictures.com\/en\/wp-json\/wp\/v2\/types\/page"}],"author":[{"embeddable":true,"href":"https:\/\/amygdala-pictures.com\/en\/wp-json\/wp\/v2\/users\/2"}],"replies":[{"embeddable":true,"href":"https:\/\/amygdala-pictures.com\/en\/wp-json\/wp\/v2\/comments?post=311"}],"version-history":[{"count":100,"href":"https:\/\/amygdala-pictures.com\/en\/wp-json\/wp\/v2\/pages\/311\/revisions"}],"predecessor-version":[{"id":874,"href":"https:\/\/amygdala-pictures.com\/en\/wp-json\/wp\/v2\/pages\/311\/revisions\/874"}],"wp:attachment":[{"href":"https:\/\/amygdala-pictures.com\/en\/wp-json\/wp\/v2\/media?parent=311"}],"curies":[{"name":"wp","href":"https:\/\/api.w.org\/{rel}","templated":true}]}}