{"id":97,"date":"2025-01-15T13:52:24","date_gmt":"2025-01-15T13:52:24","guid":{"rendered":"https:\/\/amygdala-pictures.com\/?page_id=97"},"modified":"2025-01-20T13:40:44","modified_gmt":"2025-01-20T13:40:44","slug":"start","status":"publish","type":"page","link":"https:\/\/amygdala-pictures.com\/en\/","title":{"rendered":"Startseite"},"content":{"rendered":"<div data-elementor-type=\"wp-page\" data-elementor-id=\"97\" class=\"elementor elementor-97\">\n\t\t\t\t<div class=\"elementor-element elementor-element-6480fb2 e-con-full e-flex e-con e-parent\" data-id=\"6480fb2\" data-element_type=\"container\" data-e-type=\"container\" data-settings=\"{&quot;background_background&quot;:&quot;classic&quot;}\">\n\t\t\t\t<div class=\"elementor-element elementor-element-78d8c8d elementor-widget__width-initial elementor-widget elementor-widget-heading\" data-id=\"78d8c8d\" data-element_type=\"widget\" data-e-type=\"widget\" data-widget_type=\"heading.default\">\n\t\t\t\t<div class=\"elementor-widget-container\">\n\t\t\t\t\t<p class=\"elementor-heading-title elementor-size-default\">Welcome<\/p>\t\t\t\t<\/div>\n\t\t\t\t<\/div>\n\t\t\t\t<div class=\"elementor-element elementor-element-75bcecd pulse elementor-widget elementor-widget-image\" data-id=\"75bcecd\" data-element_type=\"widget\" data-e-type=\"widget\" data-widget_type=\"image.default\">\n\t\t\t\t<div class=\"elementor-widget-container\">\n\t\t\t\t\t\t\t\t\t\t\t\t\t\t\t<img fetchpriority=\"high\" decoding=\"async\" width=\"800\" height=\"800\" src=\"https:\/\/amygdala-pictures.com\/wp-content\/uploads\/2025\/01\/Amygdala-1.png\" class=\"attachment-large size-large wp-image-105\" alt=\"Amygdala\" srcset=\"https:\/\/amygdala-pictures.com\/wp-content\/uploads\/2025\/01\/Amygdala-1.png 960w, https:\/\/amygdala-pictures.com\/wp-content\/uploads\/2025\/01\/Amygdala-1-300x300.png 300w, https:\/\/amygdala-pictures.com\/wp-content\/uploads\/2025\/01\/Amygdala-1-150x150.png 150w, https:\/\/amygdala-pictures.com\/wp-content\/uploads\/2025\/01\/Amygdala-1-768x768.png 768w\" sizes=\"(max-width: 800px) 100vw, 800px\" \/>\t\t\t\t\t\t\t\t\t\t\t\t\t\t\t<\/div>\n\t\t\t\t<\/div>\n\t\t\t\t<\/div>\n\t\t<div class=\"elementor-element elementor-element-fc95a39 e-con-full e-flex e-con e-parent\" data-id=\"fc95a39\" data-element_type=\"container\" data-e-type=\"container\">\n\t\t<div class=\"elementor-element elementor-element-398fffb e-con-full e-flex e-con e-child\" data-id=\"398fffb\" data-element_type=\"container\" data-e-type=\"container\">\n\t\t\t\t<div class=\"elementor-element elementor-element-6600fda elementor-widget__width-initial elementor-widget elementor-widget-text-editor\" data-id=\"6600fda\" data-element_type=\"widget\" data-e-type=\"widget\" data-widget_type=\"text-editor.default\">\n\t\t\t\t<div class=\"elementor-widget-container\">\n\t\t\t\t\t\t\t\t\t<p><i>Amygdala; the<\/i><\/p><p><i>Is significantly involved in the processing <\/i><i>of emotions in the human brain.\nIn addition, emotional events are anchored particularly intensively in memory by the amygdala.<\/i><\/p>\t\t\t\t\t\t\t\t<\/div>\n\t\t\t\t<\/div>\n\t\t\t\t<\/div>\n\t\t<div class=\"elementor-element elementor-element-95a9c0a e-con-full elementor-hidden-mobile e-flex e-con e-child\" data-id=\"95a9c0a\" data-element_type=\"container\" data-e-type=\"container\">\n\t\t\t\t<\/div>\n\t\t\t\t<\/div>\n\t\t\t\t<\/div>","protected":false},"excerpt":{"rendered":"<p>Willkommen Amygdala; die Ist im menschlichen Gehirn ma\u00dfgeblich an der Verarbeitung von Emotionen beteiligt. Dar\u00fcber hinaus werden emotionale Ereignisse durch die Amygdala besonders intensiv im Ged\u00e4chtnis verankert.<\/p>","protected":false},"author":2,"featured_media":0,"parent":0,"menu_order":0,"comment_status":"closed","ping_status":"closed","template":"elementor_canvas","meta":{"footnotes":""},"class_list":["post-97","page","type-page","status-publish","hentry"],"_links":{"self":[{"href":"https:\/\/amygdala-pictures.com\/en\/wp-json\/wp\/v2\/pages\/97","targetHints":{"allow":["GET"]}}],"collection":[{"href":"https:\/\/amygdala-pictures.com\/en\/wp-json\/wp\/v2\/pages"}],"about":[{"href":"https:\/\/amygdala-pictures.com\/en\/wp-json\/wp\/v2\/types\/page"}],"author":[{"embeddable":true,"href":"https:\/\/amygdala-pictures.com\/en\/wp-json\/wp\/v2\/users\/2"}],"replies":[{"embeddable":true,"href":"https:\/\/amygdala-pictures.com\/en\/wp-json\/wp\/v2\/comments?post=97"}],"version-history":[{"count":272,"href":"https:\/\/amygdala-pictures.com\/en\/wp-json\/wp\/v2\/pages\/97\/revisions"}],"predecessor-version":[{"id":858,"href":"https:\/\/amygdala-pictures.com\/en\/wp-json\/wp\/v2\/pages\/97\/revisions\/858"}],"wp:attachment":[{"href":"https:\/\/amygdala-pictures.com\/en\/wp-json\/wp\/v2\/media?parent=97"}],"curies":[{"name":"wp","href":"https:\/\/api.w.org\/{rel}","templated":true}]}}